{"id":967,"date":"2023-08-28T12:27:49","date_gmt":"2023-08-28T18:27:49","guid":{"rendered":"https:\/\/do-co.mx\/store\/?post_type=product&#038;p=967"},"modified":"2023-08-28T13:08:10","modified_gmt":"2023-08-28T19:08:10","slug":"familias-de-planos-revit","status":"publish","type":"product","link":"https:\/\/do-co.mx\/store\/producto\/familias-de-planos-revit\/","title":{"rendered":"Familias de Planos Revit"},"content":{"rendered":"","protected":false},"excerpt":{"rendered":"<p class=\"p1\">Este paquete de familias de Revit contiene 7 familias diferentes de cuadros de rotulaci\u00f3n en la categor\u00eda de planos. Estas son herramientas sumamente \u00fatiles para la impresi\u00f3n y presentaci\u00f3n de proyectos arquitect\u00f3nicos y ejecutivos. Nuestras familias han sido dise\u00f1adas para facilitar las configuraciones m\u00e1s comunes de impresi\u00f3n y proporcionar gu\u00edas de proporciones al crear una l\u00e1mina. Encontrar\u00e1s opciones de l\u00edneas gu\u00eda en proporciones opcionales para la hoja, as\u00ed como escalas gr\u00e1ficas que pueden activarse o desactivarse, abarcando desde la escala 1:5 hasta la 1:200.<\/p>\n<ul>\n<li>4 planos-solapas tama\u00f1o 11&#215;17\u201d<\/li>\n<li>2 planos-solapas tama\u00f1o 90&#215;60 cm<\/li>\n<li>1 plano-solapa tama\u00f1o carta<\/li>\n<li>Escalas gr\u00e1ficas<\/li>\n<li>Familias de t\u00edtulos de vista en formato t\u00edpico<\/li>\n<li>Familias de t\u00edtulos de vista en formato 90\u00b0 en sentido del reloj<\/li>\n<\/ul>\n<p><\/br><br \/>\n<strong>Formatos de archivo:<\/strong><\/p>\n<ul>\n<li>Archivo familias de revit (.rfa) 2022 o posterior<\/li>\n<\/ul>\n","protected":false},"featured_media":969,"template":"","meta":[],"product_cat":[26,32,31],"product_tag":[],"class_list":["post-967","product","type-product","status-publish","has-post-thumbnail","hentry","product_cat-26","product_cat-familias","product_cat-proyectos"],"_links":{"self":[{"href":"https:\/\/do-co.mx\/store\/wp-json\/wp\/v2\/product\/967","targetHints":{"allow":["GET"]}}],"collection":[{"href":"https:\/\/do-co.mx\/store\/wp-json\/wp\/v2\/product"}],"about":[{"href":"https:\/\/do-co.mx\/store\/wp-json\/wp\/v2\/types\/product"}],"wp:featuredmedia":[{"embeddable":true,"href":"https:\/\/do-co.mx\/store\/wp-json\/wp\/v2\/media\/969"}],"wp:attachment":[{"href":"https:\/\/do-co.mx\/store\/wp-json\/wp\/v2\/media?parent=967"}],"wp:term":[{"taxonomy":"product_cat","embeddable":true,"href":"https:\/\/do-co.mx\/store\/wp-json\/wp\/v2\/product_cat?post=967"},{"taxonomy":"product_tag","embeddable":true,"href":"https:\/\/do-co.mx\/store\/wp-json\/wp\/v2\/product_tag?post=967"}],"curies":[{"name":"wp","href":"https:\/\/api.w.org\/{rel}","templated":true}]}}