{"id":960,"date":"2023-08-28T11:42:55","date_gmt":"2023-08-28T17:42:55","guid":{"rendered":"https:\/\/do-co.mx\/store\/?post_type=product&#038;p=960"},"modified":"2023-08-28T11:53:22","modified_gmt":"2023-08-28T17:53:22","slug":"familias-de-puertas-revit","status":"publish","type":"product","link":"https:\/\/do-co.mx\/store\/producto\/familias-de-puertas-revit\/","title":{"rendered":"Familias de puertas Revit"},"content":{"rendered":"","protected":false},"excerpt":{"rendered":"<p class=\"p1\">En este archivo de Revit tendr\u00e1s 7 diferentes familias param\u00e9tricas de la categor\u00eda de puertas, con diferentes configuraciones cada una, y la posibilidad de cambiar espesores, proporciones y materiales. Fueron dise\u00f1as para facilitar tus dise\u00f1os y proceso de modelado; podr\u00e1s representarlas con 3 diferentes calidades de vista. Incluye una l\u00e1mina tama\u00f1o tabloide (11&#215;17\u201d) de nuestro paquete de Planos, con opciones de escalas gr\u00e1ficas desde 1:5 hasta 1:200.<\/p>\n<ul>\n<li>7 puertas param\u00e9tricas<\/li>\n<li>1 solapa tama\u00f1o tabloide con escalas gr\u00e1ficas<\/li>\n<li>Familias de t\u00edtulos de vista<\/li>\n<li>1 ejemplo de representaci\u00f3n de puertas<\/li>\n<li>Calidades de l\u00ednea personalizadas<\/li>\n<li>Estilos de objeto personalizados<\/li>\n<\/ul>\n<p><\/br><br \/>\n<strong>Formatos de archivo:<\/strong><\/p>\n<ul>\n<li>Archivo de proyecto de revit (.rvt) 2022 o posterior<\/li>\n<li>Im\u00e1genes (.jpg) de ejemplo para texturas de materiales<\/li>\n<\/ul>\n","protected":false},"featured_media":961,"template":"","meta":[],"product_cat":[26,32,31],"product_tag":[],"class_list":["post-960","product","type-product","status-publish","has-post-thumbnail","hentry","product_cat-26","product_cat-familias","product_cat-proyectos"],"_links":{"self":[{"href":"https:\/\/do-co.mx\/store\/wp-json\/wp\/v2\/product\/960","targetHints":{"allow":["GET"]}}],"collection":[{"href":"https:\/\/do-co.mx\/store\/wp-json\/wp\/v2\/product"}],"about":[{"href":"https:\/\/do-co.mx\/store\/wp-json\/wp\/v2\/types\/product"}],"wp:featuredmedia":[{"embeddable":true,"href":"https:\/\/do-co.mx\/store\/wp-json\/wp\/v2\/media\/961"}],"wp:attachment":[{"href":"https:\/\/do-co.mx\/store\/wp-json\/wp\/v2\/media?parent=960"}],"wp:term":[{"taxonomy":"product_cat","embeddable":true,"href":"https:\/\/do-co.mx\/store\/wp-json\/wp\/v2\/product_cat?post=960"},{"taxonomy":"product_tag","embeddable":true,"href":"https:\/\/do-co.mx\/store\/wp-json\/wp\/v2\/product_tag?post=960"}],"curies":[{"name":"wp","href":"https:\/\/api.w.org\/{rel}","templated":true}]}}