{"id":456,"date":"2022-12-13T11:48:28","date_gmt":"2022-12-13T17:48:28","guid":{"rendered":"https:\/\/do-co.mx\/store\/?post_type=product&#038;p=456"},"modified":"2023-01-04T13:01:38","modified_gmt":"2023-01-04T19:01:38","slug":"plantilla-de-dibujo-cad-unidades-metricas","status":"publish","type":"product","link":"https:\/\/do-co.mx\/store\/producto\/plantilla-de-dibujo-cad-unidades-metricas\/","title":{"rendered":"Plantilla de Dibujo CAD <br> Unidades M\u00e9tricas"},"content":{"rendered":"","protected":false},"excerpt":{"rendered":"<p class=\"p1\">Esta plantilla para dibujo CAD de Do-Co.Mx es una herramienta \u00fatil para arquitectos, interioristas o cualquier profesional de la industria del dise\u00f1o. Nuestra plantilla fue dise\u00f1ada para facilitar el dibujo arquitect\u00f3nico y el desarrollo de proyectos ejecutivos.<\/p>\n<div>\n<ul>\n<li>Plantillas de trabajo listas para imprimir (tabloide 17&#215;11\u201d y pliego 34&#215;22\u201d)<\/li>\n<li>M\u00e1s de 120 bloques din\u00e1micos para detallar plantas y secciones<\/li>\n<li>25 bloques din\u00e1micos de simbolog\u00eda general<\/li>\n<li>Textos, notas y cotas anotativas<\/li>\n<li>Achurados para ambientaci\u00f3n de dibujos<\/li>\n<li>Listado de simbolog\u00eda general para construcci\u00f3n<\/li>\n<li>Listado de capas: Espesores y tipos de l\u00ednea<\/li>\n<\/ul>\n<p>&nbsp;<br \/>\n+ Incluye el &#8220;Paquete de bloques CAD&#8221;\n<\/p><\/div>\n<p class=\"p1\"><b>Formatos de archivo: <\/b><\/p>\n<ul>\n<li class=\"p1\">Plantilla de dibujo (.dwg .dwt) para AutoCAD \/ AutoCAD LT 2013 o posterior<\/li>\n<li class=\"p1\">Plumillas para impresi\u00f3n (.ctb) con ajuste preestablecido a las capas de dibujo<\/li>\n<\/ul>\n","protected":false},"featured_media":581,"template":"","meta":[],"product_cat":[26,29],"product_tag":[],"class_list":["post-456","product","type-product","status-publish","has-post-thumbnail","hentry","product_cat-26","product_cat-plantillas"],"_links":{"self":[{"href":"https:\/\/do-co.mx\/store\/wp-json\/wp\/v2\/product\/456","targetHints":{"allow":["GET"]}}],"collection":[{"href":"https:\/\/do-co.mx\/store\/wp-json\/wp\/v2\/product"}],"about":[{"href":"https:\/\/do-co.mx\/store\/wp-json\/wp\/v2\/types\/product"}],"wp:featuredmedia":[{"embeddable":true,"href":"https:\/\/do-co.mx\/store\/wp-json\/wp\/v2\/media\/581"}],"wp:attachment":[{"href":"https:\/\/do-co.mx\/store\/wp-json\/wp\/v2\/media?parent=456"}],"wp:term":[{"taxonomy":"product_cat","embeddable":true,"href":"https:\/\/do-co.mx\/store\/wp-json\/wp\/v2\/product_cat?post=456"},{"taxonomy":"product_tag","embeddable":true,"href":"https:\/\/do-co.mx\/store\/wp-json\/wp\/v2\/product_tag?post=456"}],"curies":[{"name":"wp","href":"https:\/\/api.w.org\/{rel}","templated":true}]}}